{"id":740,"date":"2023-05-16T14:41:19","date_gmt":"2023-05-16T18:41:19","guid":{"rendered":"https:\/\/www.atlastse.com\/?page_id=740"},"modified":"2023-06-16T11:30:14","modified_gmt":"2023-06-16T15:30:14","slug":"a-propos","status":"publish","type":"page","link":"https:\/\/www.atlastse.com\/en\/a-propos\/","title":{"rendered":"About us"},"content":{"rendered":"<p><span style=\"color:#ffffff;\">Founded in 2018, Atlas<sup>tse<\/sup> vise \u00e0 traiter les sols contamin\u00e9s, pour ensuite les revaloriser par fractions granulom\u00e9triques. Par un soucis d&#8217;\u00e9conomie circulaires, travailler avec Atlas<sup>tse<\/sup> ensures that any soil inventories you need to dispose of will be taken care of.  As part of <a href=\"https:\/\/northex.net\/\">Northex Environnement inc<\/a>., Atlas<sup>tse<\/sup> benefits from specific know-how in the storage and treatment of soils impacted by organic and inorganic contaminants.&nbsp;<\/span><br><\/p>","protected":false},"excerpt":{"rendered":"","protected":false},"author":8,"featured_media":0,"parent":0,"menu_order":0,"comment_status":"closed","ping_status":"closed","template":"","meta":{"om_disable_all_campaigns":false,"_mi_skip_tracking":false,"_monsterinsights_sitenote_active":false,"_monsterinsights_sitenote_note":"","_monsterinsights_sitenote_category":0,"footnotes":""},"acf":[],"aioseo_notices":[],"_links":{"self":[{"href":"https:\/\/www.atlastse.com\/en\/wp-json\/wp\/v2\/pages\/740"}],"collection":[{"href":"https:\/\/www.atlastse.com\/en\/wp-json\/wp\/v2\/pages"}],"about":[{"href":"https:\/\/www.atlastse.com\/en\/wp-json\/wp\/v2\/types\/page"}],"author":[{"embeddable":true,"href":"https:\/\/www.atlastse.com\/en\/wp-json\/wp\/v2\/users\/8"}],"replies":[{"embeddable":true,"href":"https:\/\/www.atlastse.com\/en\/wp-json\/wp\/v2\/comments?post=740"}],"version-history":[{"count":10,"href":"https:\/\/www.atlastse.com\/en\/wp-json\/wp\/v2\/pages\/740\/revisions"}],"predecessor-version":[{"id":899,"href":"https:\/\/www.atlastse.com\/en\/wp-json\/wp\/v2\/pages\/740\/revisions\/899"}],"wp:attachment":[{"href":"https:\/\/www.atlastse.com\/en\/wp-json\/wp\/v2\/media?parent=740"}],"curies":[{"name":"wp","href":"https:\/\/api.w.org\/{rel}","templated":true}]}}